{"id":506,"date":"2025-03-10T12:51:19","date_gmt":"2025-03-10T12:51:19","guid":{"rendered":"https:\/\/www.cukurovadiyaliz.com.tr\/?page_id=506"},"modified":"2025-03-10T12:51:19","modified_gmt":"2025-03-10T12:51:19","slug":"dr-yalcin-coskun","status":"publish","type":"page","link":"https:\/\/www.cukurovadiyaliz.com.tr\/en\/dr-yalcin-coskun\/","title":{"rendered":"Dr. Yal\u00e7\u0131n CO\u015eKUN"},"content":{"rendered":"<div class=\"vc_row wpb_row row top-row\"><div class=\"vc_column_container col-md-3\"><div class=\"wpb_wrapper vc_column-inner\">\n\t<div class=\"wpb_single_image wpb_content_element vc_align_left\">\n\t\t<div class=\"wpb_wrapper\">\n\t\t\t\n\t\t\t<div class=\"vc_single_image-wrapper   vc_box_border_grey\"><img loading=\"lazy\" decoding=\"async\" width=\"900\" height=\"1267\" src=\"https:\/\/www.cukurovadiyaliz.com.tr\/wp-content\/uploads\/2022\/11\/dr-yalcin-coskun.jpg\" class=\"vc_single_image-img attachment-full\" alt=\"\" srcset=\"https:\/\/www.cukurovadiyaliz.com.tr\/wp-content\/uploads\/2022\/11\/dr-yalcin-coskun.jpg 900w, https:\/\/www.cukurovadiyaliz.com.tr\/wp-content\/uploads\/2022\/11\/dr-yalcin-coskun-727x1024.jpg 727w, https:\/\/www.cukurovadiyaliz.com.tr\/wp-content\/uploads\/2022\/11\/dr-yalcin-coskun-768x1081.jpg 768w, https:\/\/www.cukurovadiyaliz.com.tr\/wp-content\/uploads\/2022\/11\/dr-yalcin-coskun-640x901.jpg 640w, https:\/\/www.cukurovadiyaliz.com.tr\/wp-content\/uploads\/2022\/11\/dr-yalcin-coskun-400x563.jpg 400w\" sizes=\"auto, (max-width: 900px) 100vw, 900px\" \/><\/div>\n\t\t<\/div>\n\t<\/div>\n<\/div><\/div><div class=\"vc_column_container col-md-9\"><div class=\"wpb_wrapper vc_column-inner\">\n\t<div class=\"wpb_text_column wpb_content_element\" >\n\t\t<div class=\"wpb_wrapper\">\n\t\t\t<p><strong>28.01.1968 y\u0131l\u0131nda Adana\u2019 da do\u011fdu. \u0130lkokul ve ortaokul e\u011fitimini Kozan\u2019 da tamamlad\u0131ktan sonra lise e\u011fitimini Adana\u2019da tamamlad\u0131. Evli ve 2 \u00e7ocuk babas\u0131.<\/strong><\/p>\n<p><strong>E\u011fitim ve Ge\u00e7mi\u015fi<\/strong><\/p>\n<p><strong>1986-1994 <\/strong>\u00c7ukurova \u00dcniversitesi T\u0131p Fak\u00fcltesi<\/p>\n<p><strong>1994-1996<\/strong> Elaz\u0131\u011f Palu Devlet Hastanesi<\/p>\n<p><strong>1996-1999<\/strong> Karaisal\u0131 Devlet Hastanesi<\/p>\n<p><strong>1999-2004<\/strong> Adana Fresenius Diyaliz Merkezi<\/p>\n<p><strong>2004-2005<\/strong> \u00d6zel Mersin Diyaliz Merkezi<\/p>\n<p><strong>2005-2006<\/strong> \u00d6zel Ere\u011fli Diyaliz Merkezi<\/p>\n<p><strong>2007-2009 <\/strong>Adana Devlet Hastanesi (Acil)<\/p>\n<p><strong>2009-2019<\/strong> Ceyhan Devlet Hastanesi (Acil- Diyaliz)<\/p>\n<p><strong>2019-2022<\/strong> Kozan Devlet Hastanesi (Acil)<\/p>\n<p><strong>2022- \u2026<\/strong> \u00d6zel \u00c7ukurova Dialysis Center<\/p>\n\n\t\t<\/div>\n\t<\/div>\n<\/div><\/div><\/div>","protected":false},"excerpt":{"rendered":"28.01.1968 y\u0131l\u0131nda Adana\u2019 da do\u011fdu. \u0130lkokul ve ortaokul e\u011fitimini Kozan\u2019 da tamamlad\u0131ktan sonra lise e\u011fitimini Adana\u2019da tamamlad\u0131. Evli ve 2 \u00e7ocuk babas\u0131. E\u011fitim ve Ge\u00e7mi\u015fi 1986-1994 \u00c7ukurova \u00dcniversitesi T\u0131p Fak\u00fcltesi 1994-1996 Elaz\u0131\u011f Palu Devlet Hastanesi 1996-1999 Karaisal\u0131 Devlet Hastanesi 1999-2004 Adana Fresenius Diyaliz Merkezi 2004-2005 \u00d6zel Mersin Diyaliz Merkezi 2005-2006 \u00d6zel Ere\u011fli Diyaliz Merkezi 2007-2009 [...]","protected":false},"author":1,"featured_media":0,"parent":0,"menu_order":0,"comment_status":"closed","ping_status":"closed","template":"","meta":{"footnotes":""},"class_list":["post-506","page","type-page","status-publish","hentry"],"_links":{"self":[{"href":"https:\/\/www.cukurovadiyaliz.com.tr\/en\/wp-json\/wp\/v2\/pages\/506","targetHints":{"allow":["GET"]}}],"collection":[{"href":"https:\/\/www.cukurovadiyaliz.com.tr\/en\/wp-json\/wp\/v2\/pages"}],"about":[{"href":"https:\/\/www.cukurovadiyaliz.com.tr\/en\/wp-json\/wp\/v2\/types\/page"}],"author":[{"embeddable":true,"href":"https:\/\/www.cukurovadiyaliz.com.tr\/en\/wp-json\/wp\/v2\/users\/1"}],"replies":[{"embeddable":true,"href":"https:\/\/www.cukurovadiyaliz.com.tr\/en\/wp-json\/wp\/v2\/comments?post=506"}],"version-history":[{"count":1,"href":"https:\/\/www.cukurovadiyaliz.com.tr\/en\/wp-json\/wp\/v2\/pages\/506\/revisions"}],"predecessor-version":[{"id":507,"href":"https:\/\/www.cukurovadiyaliz.com.tr\/en\/wp-json\/wp\/v2\/pages\/506\/revisions\/507"}],"wp:attachment":[{"href":"https:\/\/www.cukurovadiyaliz.com.tr\/en\/wp-json\/wp\/v2\/media?parent=506"}],"curies":[{"name":"wp","href":"https:\/\/api.w.org\/{rel}","templated":true}]}}